{"id":80,"date":"2023-01-03T18:06:18","date_gmt":"2023-01-03T18:06:18","guid":{"rendered":"https:\/\/www.terasmyynti.fi\/?page_id=80"},"modified":"2023-01-12T14:17:10","modified_gmt":"2023-01-12T14:17:10","slug":"palvelut","status":"publish","type":"page","link":"https:\/\/www.terasmyynti.fi\/index.php\/palvelut\/","title":{"rendered":"Palvelut"},"content":{"rendered":"\n<p>Meilt\u00e4 saat metallialan palvelua ammattitaidolla, yrityksille sek\u00e4 yksityisille.&nbsp;Palveluihimme kuuluu:<br><\/p>\n\n\n\n<ul class=\"wp-block-list\">\n<li>Ter\u00e4stuotteiden j\u00e4lleenmyynti (putket, tangot, levyt jne.)<\/li>\n\n\n\n<li>Ter\u00e4ksen lis\u00e4ksi alumiini, rst, hst, kupari ja messinki. Lis\u00e4ksi my\u00f6s kulutuslevyt sek\u00e4 punametallit<\/li>\n\n\n\n<li>Sahaus- ja leikkauspalvelu<\/li>\n\n\n\n<li>Ter\u00e4srakenteet<\/li>\n\n\n\n<li>Hitsauspalvelu<\/li>\n\n\n\n<li>Ohutlevypalvelut (profilointi, listat, sadevesij\u00e4rjestelm\u00e4t jne.)<\/li>\n\n\n\n<li>Pientarvikkeet (putkiosat, saranat, kaidej\u00e4rjestelm\u00e4t jne.)<\/li>\n\n\n\n<li>Laser-\/vesi-\/plasmaleikkaus nopealla toimituksella<\/li>\n<\/ul>\n\n\n\n<p><br>Teemme my\u00f6s alan alihankintavalmistusta.<\/p>\n","protected":false},"excerpt":{"rendered":"<p>Meilt\u00e4 saat metallialan palvelua ammattitaidolla, yrityksille sek\u00e4 yksityisille.&nbsp;Palveluihimme kuuluu: Teemme my\u00f6s alan alihankintavalmistusta.<\/p>\n","protected":false},"author":2,"featured_media":0,"parent":0,"menu_order":0,"comment_status":"closed","ping_status":"closed","template":"","meta":{"footnotes":""},"class_list":["post-80","page","type-page","status-publish","hentry"],"_links":{"self":[{"href":"https:\/\/www.terasmyynti.fi\/index.php\/wp-json\/wp\/v2\/pages\/80","targetHints":{"allow":["GET"]}}],"collection":[{"href":"https:\/\/www.terasmyynti.fi\/index.php\/wp-json\/wp\/v2\/pages"}],"about":[{"href":"https:\/\/www.terasmyynti.fi\/index.php\/wp-json\/wp\/v2\/types\/page"}],"author":[{"embeddable":true,"href":"https:\/\/www.terasmyynti.fi\/index.php\/wp-json\/wp\/v2\/users\/2"}],"replies":[{"embeddable":true,"href":"https:\/\/www.terasmyynti.fi\/index.php\/wp-json\/wp\/v2\/comments?post=80"}],"version-history":[{"count":3,"href":"https:\/\/www.terasmyynti.fi\/index.php\/wp-json\/wp\/v2\/pages\/80\/revisions"}],"predecessor-version":[{"id":118,"href":"https:\/\/www.terasmyynti.fi\/index.php\/wp-json\/wp\/v2\/pages\/80\/revisions\/118"}],"wp:attachment":[{"href":"https:\/\/www.terasmyynti.fi\/index.php\/wp-json\/wp\/v2\/media?parent=80"}],"curies":[{"name":"wp","href":"https:\/\/api.w.org\/{rel}","templated":true}]}}