{"id":82,"date":"2023-01-03T18:06:58","date_gmt":"2023-01-03T18:06:58","guid":{"rendered":"https:\/\/www.terasmyynti.fi\/?page_id=82"},"modified":"2023-01-03T18:06:59","modified_gmt":"2023-01-03T18:06:59","slug":"peltituotteet","status":"publish","type":"page","link":"https:\/\/www.terasmyynti.fi\/index.php\/peltituotteet\/","title":{"rendered":"Peltituotteet"},"content":{"rendered":"\n<h1 class=\"wp-block-heading\">Ohutpeltituotteet<\/h1>\n\n\n\n<p>Meilt\u00e4 saatte&nbsp;katto- ja sein\u00e4pellit, sadevesij\u00e4rjestelm\u00e4t sek\u00e4 muut tarvikkeet.&nbsp;Profiloimme itse kantikasta katto- ja sein\u00e4profiilia haluamallasi v\u00e4rill\u00e4.&nbsp;Kauttamme saatte my\u00f6s&nbsp; tiilikuvio-, konesauma- tai aaltopeltikatteet.<\/p>\n\n\n\n<p>Teemme tarvitsemanne listat katolle ja taloon&nbsp;mittojen mukaan. Teemme&nbsp;my\u00f6s kynnyslistoja, uunineduspeltej\u00e4 ja muita suojalistoja haluamastanne materiaalista. Materiaalivaihtoehtoina mm. alumiini, ruostumaton ter\u00e4s, kupari, messinki sek\u00e4 sinkitty tai musta ter\u00e4slevy.<\/p>\n\n\n\n<p>Meid\u00e4n kauttamme saatte my\u00f6s sadevesikourut, sek\u00e4 katolle tarvittavat tikas- ja turvatuotteet.<\/p>\n","protected":false},"excerpt":{"rendered":"<p>Ohutpeltituotteet Meilt\u00e4 saatte&nbsp;katto- ja sein\u00e4pellit, sadevesij\u00e4rjestelm\u00e4t sek\u00e4 muut tarvikkeet.&nbsp;Profiloimme itse kantikasta katto- ja sein\u00e4profiilia haluamallasi v\u00e4rill\u00e4.&nbsp;Kauttamme saatte my\u00f6s&nbsp; tiilikuvio-, konesauma- tai aaltopeltikatteet. Teemme tarvitsemanne listat katolle ja taloon&nbsp;mittojen mukaan. Teemme&nbsp;my\u00f6s kynnyslistoja, uunineduspeltej\u00e4 ja muita suojalistoja haluamastanne materiaalista. Materiaalivaihtoehtoina mm. alumiini, ruostumaton ter\u00e4s, kupari, messinki sek\u00e4 sinkitty tai musta ter\u00e4slevy. Meid\u00e4n kauttamme saatte my\u00f6s sadevesikourut, sek\u00e4 [&hellip;]<\/p>\n","protected":false},"author":2,"featured_media":0,"parent":0,"menu_order":0,"comment_status":"closed","ping_status":"closed","template":"","meta":{"footnotes":""},"class_list":["post-82","page","type-page","status-publish","hentry"],"_links":{"self":[{"href":"https:\/\/www.terasmyynti.fi\/index.php\/wp-json\/wp\/v2\/pages\/82","targetHints":{"allow":["GET"]}}],"collection":[{"href":"https:\/\/www.terasmyynti.fi\/index.php\/wp-json\/wp\/v2\/pages"}],"about":[{"href":"https:\/\/www.terasmyynti.fi\/index.php\/wp-json\/wp\/v2\/types\/page"}],"author":[{"embeddable":true,"href":"https:\/\/www.terasmyynti.fi\/index.php\/wp-json\/wp\/v2\/users\/2"}],"replies":[{"embeddable":true,"href":"https:\/\/www.terasmyynti.fi\/index.php\/wp-json\/wp\/v2\/comments?post=82"}],"version-history":[{"count":1,"href":"https:\/\/www.terasmyynti.fi\/index.php\/wp-json\/wp\/v2\/pages\/82\/revisions"}],"predecessor-version":[{"id":83,"href":"https:\/\/www.terasmyynti.fi\/index.php\/wp-json\/wp\/v2\/pages\/82\/revisions\/83"}],"wp:attachment":[{"href":"https:\/\/www.terasmyynti.fi\/index.php\/wp-json\/wp\/v2\/media?parent=82"}],"curies":[{"name":"wp","href":"https:\/\/api.w.org\/{rel}","templated":true}]}}